{"id":3,"date":"2023-07-06T07:27:36","date_gmt":"2023-07-06T07:27:36","guid":{"rendered":"https:\/\/blog.kingdoms.com\/?page_id=3"},"modified":"2026-02-04T14:40:37","modified_gmt":"2026-02-04T12:40:37","slug":"privacy-policy","status":"publish","type":"page","link":"https:\/\/blog.rail-nation.com\/de\/privacy-policy\/","title":{"rendered":"Impressum"},"content":{"rendered":"<p><strong>Verantwortlich f\u00fcr diese Webseite:<\/strong><\/p>\n<p>Travian Games GmbH<br \/>Moosacher Str. 70<br \/>80909\u00a0M\u00fcnchen<br \/>Deutschland<\/p>\n<p>mail@traviangames.com<\/p>\n<p><strong>Registergericht:<\/strong><br \/>Amtsgericht M\u00fcnchen, HRB 173511<br \/>USt-IdNr.: DE 246258085<br \/>Gesch\u00e4ftsf\u00fchrer: Viktor Pulz, J\u00f6rg Strathaus<br \/>Telefon: +49 89\/32 49 15 93 8 (Nicht f\u00fcr Support-Anfragen)<br \/>Fax: +49 89\/32 49 15 97 3 (Nur f\u00fcr Plus-Support)<\/p>\n<p><strong>Support:<\/strong><br \/><a href=\"https:\/\/support.rail-nation.com\/de\/support\/home\">Kontakt<\/a><\/p>\n<p><strong>Jugendschutzbeauftragter:<\/strong><br \/>Rechtsanwalt: Dr. Andreas Lober<br \/>Beiten Burkhardt Rechtsanwaltsgesellschaft mbH<br \/>youthprotection@traviangames.com<\/p>\n<p><strong>Datenschutzbeauftragter:<\/strong><\/p>\n<p>Philipp Heindorff<br \/>privacy@traviangames.com<\/p>\n<p>Bei Supportanfragen sollte immer der Benutzername und der Spielserver mit angegeben werden.<\/p>\n<p>Alle Rechte an Texten, Grafiken und Quellcodes liegen bei der Travian Games GmbH.<\/p>\n<p>Travian ist eine eingetragene Handelsmarke der Travian Games GmbH.<\/p>\n<p>Die EU-Online-Streitbeilegungsplattform (ODR) wurde eingestellt. Wir sind weder verpflichtet noch bereit, an Streitbeilegungsverfahren vor einer Verbraucherschlichtungsstelle teilzunehmen (\u00a7 36 VSBG). Verbraucher k\u00f6nnen sich mit ihren Anliegen oder Beschwerden direkt an uns unter <a href=\"mailto:protest@traviangames.com\" target=\"_blank\" rel=\"noopener noreferrer\" data-sk=\"tooltip_parent\" aria-haspopup=\"menu\">protest@traviangames.com<\/a> wenden.<\/p>\n<p>Haftungshinweis: Trotz sorgf\u00e4ltiger inhaltlicher Kontrolle \u00fcbernehmen wir keine Haftung f\u00fcr die Inhalte externer Links.<br \/>F\u00fcr den Inhalt der verlinkten Seiten sind ausschlie\u00dflich deren Betreiber verantwortlich.<\/p>\n","protected":false},"excerpt":{"rendered":"<p>Verantwortlich f\u00fcr diese Webseite: Travian Games GmbHMoosacher Str. 7080909\u00a0M\u00fcnchenDeutschland mail@traviangames.com Registergericht:Amtsgericht M\u00fcnchen, HRB 173511USt-IdNr.: DE 246258085Gesch\u00e4ftsf\u00fchrer: Viktor Pulz, J\u00f6rg StrathausTelefon: +49 89\/32 49 15 93 8 (Nicht f\u00fcr Support-Anfragen)Fax: +49&#8230;.<\/p>\n","protected":false},"author":1,"featured_media":953,"parent":0,"menu_order":0,"comment_status":"closed","ping_status":"closed","template":"","meta":{"_eb_attr":"","footnotes":""},"class_list":["post-3","page","type-page","status-publish","has-post-thumbnail","hentry"],"translation":{"provider":"WPGlobus","version":"3.0.2","language":"de","enabled_languages":["en","de"],"languages":{"en":{"title":true,"content":true,"excerpt":false},"de":{"title":true,"content":true,"excerpt":false}}},"_links":{"self":[{"href":"https:\/\/blog.rail-nation.com\/de\/wp-json\/wp\/v2\/pages\/3","targetHints":{"allow":["GET"]}}],"collection":[{"href":"https:\/\/blog.rail-nation.com\/de\/wp-json\/wp\/v2\/pages"}],"about":[{"href":"https:\/\/blog.rail-nation.com\/de\/wp-json\/wp\/v2\/types\/page"}],"author":[{"embeddable":true,"href":"https:\/\/blog.rail-nation.com\/de\/wp-json\/wp\/v2\/users\/1"}],"replies":[{"embeddable":true,"href":"https:\/\/blog.rail-nation.com\/de\/wp-json\/wp\/v2\/comments?post=3"}],"version-history":[{"count":14,"href":"https:\/\/blog.rail-nation.com\/de\/wp-json\/wp\/v2\/pages\/3\/revisions"}],"predecessor-version":[{"id":14700,"href":"https:\/\/blog.rail-nation.com\/de\/wp-json\/wp\/v2\/pages\/3\/revisions\/14700"}],"wp:featuredmedia":[{"embeddable":true,"href":"https:\/\/blog.rail-nation.com\/de\/wp-json\/wp\/v2\/media\/953"}],"wp:attachment":[{"href":"https:\/\/blog.rail-nation.com\/de\/wp-json\/wp\/v2\/media?parent=3"}],"curies":[{"name":"wp","href":"https:\/\/api.w.org\/{rel}","templated":true}]}}